{"id":32,"date":"2025-01-23T09:19:15","date_gmt":"2025-01-23T08:19:15","guid":{"rendered":"https:\/\/vanfleteren.fr\/finance\/blog\/?page_id=32"},"modified":"2025-02-20T18:47:39","modified_gmt":"2025-02-20T17:47:39","slug":"graphiques","status":"publish","type":"page","link":"https:\/\/tendance-finance.fr\/index.php\/graphiques\/","title":{"rendered":"Graphiques"},"content":{"rendered":"\n<p>Les graphiques suivants sont automatiquement reg\u00e9n\u00e9r\u00e9s tous les jours avec les derni\u00e8res donn\u00e9es disponibles.<\/p>\n\n\n\n<h3 class=\"wp-block-heading\">L&rsquo;indice SP500 sur 20 ans:<\/h3>\n\n\n\n<figure data-wp-context=\"{&quot;imageId&quot;:&quot;69fb331f03146&quot;}\" data-wp-interactive=\"core\/image\" data-wp-key=\"69fb331f03146\" class=\"wp-block-image size-large wp-lightbox-container\"><img decoding=\"async\" data-wp-class--hide=\"state.isContentHidden\" data-wp-class--show=\"state.isContentVisible\" data-wp-init=\"callbacks.setButtonStyles\" data-wp-on--click=\"actions.showLightbox\" data-wp-on--load=\"callbacks.setButtonStyles\" data-wp-on-window--resize=\"callbacks.setButtonStyles\" src=\"https:\/\/vanfleteren.fr\/img\/SP500_3graphs.png\" alt=\"\"\/><button\n\t\t\tclass=\"lightbox-trigger\"\n\t\t\ttype=\"button\"\n\t\t\taria-haspopup=\"dialog\"\n\t\t\taria-label=\"Agrandir\"\n\t\t\tdata-wp-init=\"callbacks.initTriggerButton\"\n\t\t\tdata-wp-on--click=\"actions.showLightbox\"\n\t\t\tdata-wp-style--right=\"state.imageButtonRight\"\n\t\t\tdata-wp-style--top=\"state.imageButtonTop\"\n\t\t>\n\t\t\t<svg xmlns=\"http:\/\/www.w3.org\/2000\/svg\" width=\"12\" height=\"12\" fill=\"none\" viewBox=\"0 0 12 12\">\n\t\t\t\t<path fill=\"#fff\" d=\"M2 0a2 2 0 0 0-2 2v2h1.5V2a.5.5 0 0 1 .5-.5h2V0H2Zm2 10.5H2a.5.5 0 0 1-.5-.5V8H0v2a2 2 0 0 0 2 2h2v-1.5ZM8 12v-1.5h2a.5.5 0 0 0 .5-.5V8H12v2a2 2 0 0 1-2 2H8Zm2-12a2 2 0 0 1 2 2v2h-1.5V2a.5.5 0 0 0-.5-.5H8V0h2Z\" \/>\n\t\t\t<\/svg>\n\t\t<\/button><\/figure>\n\n\n\n<h3 class=\"wp-block-heading\">L&rsquo;indice SP500 TR sur 20 ans:<\/h3>\n\n\n\n<figure data-wp-context=\"{&quot;imageId&quot;:&quot;69fb331f03350&quot;}\" data-wp-interactive=\"core\/image\" data-wp-key=\"69fb331f03350\" class=\"wp-block-image size-large wp-lightbox-container\"><img decoding=\"async\" data-wp-class--hide=\"state.isContentHidden\" data-wp-class--show=\"state.isContentVisible\" data-wp-init=\"callbacks.setButtonStyles\" data-wp-on--click=\"actions.showLightbox\" data-wp-on--load=\"callbacks.setButtonStyles\" data-wp-on-window--resize=\"callbacks.setButtonStyles\" src=\"https:\/\/vanfleteren.fr\/img\/SP500TR_3graphs.png\" alt=\"\"\/><button\n\t\t\tclass=\"lightbox-trigger\"\n\t\t\ttype=\"button\"\n\t\t\taria-haspopup=\"dialog\"\n\t\t\taria-label=\"Agrandir\"\n\t\t\tdata-wp-init=\"callbacks.initTriggerButton\"\n\t\t\tdata-wp-on--click=\"actions.showLightbox\"\n\t\t\tdata-wp-style--right=\"state.imageButtonRight\"\n\t\t\tdata-wp-style--top=\"state.imageButtonTop\"\n\t\t>\n\t\t\t<svg xmlns=\"http:\/\/www.w3.org\/2000\/svg\" width=\"12\" height=\"12\" fill=\"none\" viewBox=\"0 0 12 12\">\n\t\t\t\t<path fill=\"#fff\" d=\"M2 0a2 2 0 0 0-2 2v2h1.5V2a.5.5 0 0 1 .5-.5h2V0H2Zm2 10.5H2a.5.5 0 0 1-.5-.5V8H0v2a2 2 0 0 0 2 2h2v-1.5ZM8 12v-1.5h2a.5.5 0 0 0 .5-.5V8H12v2a2 2 0 0 1-2 2H8Zm2-12a2 2 0 0 1 2 2v2h-1.5V2a.5.5 0 0 0-.5-.5H8V0h2Z\" \/>\n\t\t\t<\/svg>\n\t\t<\/button><\/figure>\n\n\n\n<h3 class=\"wp-block-heading\">L&rsquo;indice NASDAQ100 sur 20 ans:<\/h3>\n\n\n\n<figure data-wp-context=\"{&quot;imageId&quot;:&quot;69fb331f034fe&quot;}\" data-wp-interactive=\"core\/image\" data-wp-key=\"69fb331f034fe\" class=\"wp-block-image size-large wp-lightbox-container\"><img decoding=\"async\" data-wp-class--hide=\"state.isContentHidden\" data-wp-class--show=\"state.isContentVisible\" data-wp-init=\"callbacks.setButtonStyles\" data-wp-on--click=\"actions.showLightbox\" data-wp-on--load=\"callbacks.setButtonStyles\" data-wp-on-window--resize=\"callbacks.setButtonStyles\" src=\"https:\/\/vanfleteren.fr\/img\/NASDAQ100_3graphs.png\" alt=\"\"\/><button\n\t\t\tclass=\"lightbox-trigger\"\n\t\t\ttype=\"button\"\n\t\t\taria-haspopup=\"dialog\"\n\t\t\taria-label=\"Agrandir\"\n\t\t\tdata-wp-init=\"callbacks.initTriggerButton\"\n\t\t\tdata-wp-on--click=\"actions.showLightbox\"\n\t\t\tdata-wp-style--right=\"state.imageButtonRight\"\n\t\t\tdata-wp-style--top=\"state.imageButtonTop\"\n\t\t>\n\t\t\t<svg xmlns=\"http:\/\/www.w3.org\/2000\/svg\" width=\"12\" height=\"12\" fill=\"none\" viewBox=\"0 0 12 12\">\n\t\t\t\t<path fill=\"#fff\" d=\"M2 0a2 2 0 0 0-2 2v2h1.5V2a.5.5 0 0 1 .5-.5h2V0H2Zm2 10.5H2a.5.5 0 0 1-.5-.5V8H0v2a2 2 0 0 0 2 2h2v-1.5ZM8 12v-1.5h2a.5.5 0 0 0 .5-.5V8H12v2a2 2 0 0 1-2 2H8Zm2-12a2 2 0 0 1 2 2v2h-1.5V2a.5.5 0 0 0-.5-.5H8V0h2Z\" \/>\n\t\t\t<\/svg>\n\t\t<\/button><\/figure>\n\n\n\n<h3 class=\"wp-block-heading\">L&rsquo;indice NASDAQ100 TR sur 20 ans:<\/h3>\n\n\n\n<figure data-wp-context=\"{&quot;imageId&quot;:&quot;69fb331f03697&quot;}\" data-wp-interactive=\"core\/image\" data-wp-key=\"69fb331f03697\" class=\"wp-block-image size-large wp-lightbox-container\"><img decoding=\"async\" data-wp-class--hide=\"state.isContentHidden\" data-wp-class--show=\"state.isContentVisible\" data-wp-init=\"callbacks.setButtonStyles\" data-wp-on--click=\"actions.showLightbox\" data-wp-on--load=\"callbacks.setButtonStyles\" data-wp-on-window--resize=\"callbacks.setButtonStyles\" src=\"https:\/\/vanfleteren.fr\/img\/NASDAQ100TR_3graphs.png\" alt=\"\"\/><button\n\t\t\tclass=\"lightbox-trigger\"\n\t\t\ttype=\"button\"\n\t\t\taria-haspopup=\"dialog\"\n\t\t\taria-label=\"Agrandir\"\n\t\t\tdata-wp-init=\"callbacks.initTriggerButton\"\n\t\t\tdata-wp-on--click=\"actions.showLightbox\"\n\t\t\tdata-wp-style--right=\"state.imageButtonRight\"\n\t\t\tdata-wp-style--top=\"state.imageButtonTop\"\n\t\t>\n\t\t\t<svg xmlns=\"http:\/\/www.w3.org\/2000\/svg\" width=\"12\" height=\"12\" fill=\"none\" viewBox=\"0 0 12 12\">\n\t\t\t\t<path fill=\"#fff\" d=\"M2 0a2 2 0 0 0-2 2v2h1.5V2a.5.5 0 0 1 .5-.5h2V0H2Zm2 10.5H2a.5.5 0 0 1-.5-.5V8H0v2a2 2 0 0 0 2 2h2v-1.5ZM8 12v-1.5h2a.5.5 0 0 0 .5-.5V8H12v2a2 2 0 0 1-2 2H8Zm2-12a2 2 0 0 1 2 2v2h-1.5V2a.5.5 0 0 0-.5-.5H8V0h2Z\" \/>\n\t\t\t<\/svg>\n\t\t<\/button><\/figure>\n","protected":false},"excerpt":{"rendered":"<p>Les graphiques suivants sont automatiquement reg\u00e9n\u00e9r\u00e9s tous les jours avec les derni\u00e8res donn\u00e9es disponibles. L&rsquo;indice SP500 sur 20 ans: L&rsquo;indice<\/p>\n","protected":false},"author":1,"featured_media":0,"parent":0,"menu_order":0,"comment_status":"closed","ping_status":"closed","template":"","meta":{"footnotes":""},"class_list":["post-32","page","type-page","status-publish","hentry"],"yoast_head":"<!-- This site is optimized with the Yoast SEO plugin v27.5 - https:\/\/yoast.com\/product\/yoast-seo-wordpress\/ -->\n<title>Graphiques - Tendance Finance<\/title>\n<meta name=\"robots\" content=\"index, follow, max-snippet:-1, max-image-preview:large, max-video-preview:-1\" \/>\n<link rel=\"canonical\" href=\"https:\/\/tendance-finance.fr\/index.php\/graphiques\/\" \/>\n<meta property=\"og:locale\" content=\"fr_FR\" \/>\n<meta property=\"og:type\" content=\"article\" \/>\n<meta property=\"og:title\" content=\"Graphiques - Tendance Finance\" \/>\n<meta property=\"og:description\" content=\"Les graphiques suivants sont automatiquement reg\u00e9n\u00e9r\u00e9s tous les jours avec les derni\u00e8res donn\u00e9es disponibles. L&rsquo;indice SP500 sur 20 ans: L&rsquo;indice\" \/>\n<meta property=\"og:url\" content=\"https:\/\/tendance-finance.fr\/index.php\/graphiques\/\" \/>\n<meta property=\"og:site_name\" content=\"Tendance Finance\" \/>\n<meta property=\"article:modified_time\" content=\"2025-02-20T17:47:39+00:00\" \/>\n<meta property=\"og:image\" content=\"https:\/\/vanfleteren.fr\/img\/SP500_3graphs.png\" \/>\n<meta name=\"twitter:card\" content=\"summary_large_image\" \/>\n<meta name=\"twitter:label1\" content=\"Dur\u00e9e de lecture estim\u00e9e\" \/>\n\t<meta name=\"twitter:data1\" content=\"1 minute\" \/>\n<script type=\"application\/ld+json\" class=\"yoast-schema-graph\">{\"@context\":\"https:\\\/\\\/schema.org\",\"@graph\":[{\"@type\":\"WebPage\",\"@id\":\"https:\\\/\\\/tendance-finance.fr\\\/index.php\\\/graphiques\\\/\",\"url\":\"https:\\\/\\\/tendance-finance.fr\\\/index.php\\\/graphiques\\\/\",\"name\":\"Graphiques - Tendance Finance\",\"isPartOf\":{\"@id\":\"https:\\\/\\\/tendance-finance.fr\\\/#website\"},\"primaryImageOfPage\":{\"@id\":\"https:\\\/\\\/tendance-finance.fr\\\/index.php\\\/graphiques\\\/#primaryimage\"},\"image\":{\"@id\":\"https:\\\/\\\/tendance-finance.fr\\\/index.php\\\/graphiques\\\/#primaryimage\"},\"thumbnailUrl\":\"https:\\\/\\\/vanfleteren.fr\\\/img\\\/SP500_3graphs.png\",\"datePublished\":\"2025-01-23T08:19:15+00:00\",\"dateModified\":\"2025-02-20T17:47:39+00:00\",\"breadcrumb\":{\"@id\":\"https:\\\/\\\/tendance-finance.fr\\\/index.php\\\/graphiques\\\/#breadcrumb\"},\"inLanguage\":\"fr-FR\",\"potentialAction\":[{\"@type\":\"ReadAction\",\"target\":[\"https:\\\/\\\/tendance-finance.fr\\\/index.php\\\/graphiques\\\/\"]}]},{\"@type\":\"ImageObject\",\"inLanguage\":\"fr-FR\",\"@id\":\"https:\\\/\\\/tendance-finance.fr\\\/index.php\\\/graphiques\\\/#primaryimage\",\"url\":\"https:\\\/\\\/vanfleteren.fr\\\/img\\\/SP500_3graphs.png\",\"contentUrl\":\"https:\\\/\\\/vanfleteren.fr\\\/img\\\/SP500_3graphs.png\"},{\"@type\":\"BreadcrumbList\",\"@id\":\"https:\\\/\\\/tendance-finance.fr\\\/index.php\\\/graphiques\\\/#breadcrumb\",\"itemListElement\":[{\"@type\":\"ListItem\",\"position\":1,\"name\":\"Accueil\",\"item\":\"https:\\\/\\\/tendance-finance.fr\\\/\"},{\"@type\":\"ListItem\",\"position\":2,\"name\":\"Graphiques\"}]},{\"@type\":\"WebSite\",\"@id\":\"https:\\\/\\\/tendance-finance.fr\\\/#website\",\"url\":\"https:\\\/\\\/tendance-finance.fr\\\/\",\"name\":\"Tendance Finance\",\"description\":\"Etude d&#039;investissements financiers\",\"publisher\":{\"@id\":\"https:\\\/\\\/tendance-finance.fr\\\/#organization\"},\"potentialAction\":[{\"@type\":\"SearchAction\",\"target\":{\"@type\":\"EntryPoint\",\"urlTemplate\":\"https:\\\/\\\/tendance-finance.fr\\\/?s={search_term_string}\"},\"query-input\":{\"@type\":\"PropertyValueSpecification\",\"valueRequired\":true,\"valueName\":\"search_term_string\"}}],\"inLanguage\":\"fr-FR\"},{\"@type\":\"Organization\",\"@id\":\"https:\\\/\\\/tendance-finance.fr\\\/#organization\",\"name\":\"Tendance Finance\",\"url\":\"https:\\\/\\\/tendance-finance.fr\\\/\",\"logo\":{\"@type\":\"ImageObject\",\"inLanguage\":\"fr-FR\",\"@id\":\"https:\\\/\\\/tendance-finance.fr\\\/#\\\/schema\\\/logo\\\/image\\\/\",\"url\":\"https:\\\/\\\/vanfleteren.fr\\\/finance\\\/blog\\\/wp-content\\\/uploads\\\/2025\\\/01\\\/cropped-9554f423-8f40-4be2-be21-bd90b253e944-1.webp\",\"contentUrl\":\"https:\\\/\\\/vanfleteren.fr\\\/finance\\\/blog\\\/wp-content\\\/uploads\\\/2025\\\/01\\\/cropped-9554f423-8f40-4be2-be21-bd90b253e944-1.webp\",\"width\":512,\"height\":512,\"caption\":\"Tendance Finance\"},\"image\":{\"@id\":\"https:\\\/\\\/tendance-finance.fr\\\/#\\\/schema\\\/logo\\\/image\\\/\"}}]}<\/script>\n<!-- \/ Yoast SEO plugin. -->","yoast_head_json":{"title":"Graphiques - Tendance Finance","robots":{"index":"index","follow":"follow","max-snippet":"max-snippet:-1","max-image-preview":"max-image-preview:large","max-video-preview":"max-video-preview:-1"},"canonical":"https:\/\/tendance-finance.fr\/index.php\/graphiques\/","og_locale":"fr_FR","og_type":"article","og_title":"Graphiques - Tendance Finance","og_description":"Les graphiques suivants sont automatiquement reg\u00e9n\u00e9r\u00e9s tous les jours avec les derni\u00e8res donn\u00e9es disponibles. L&rsquo;indice SP500 sur 20 ans: L&rsquo;indice","og_url":"https:\/\/tendance-finance.fr\/index.php\/graphiques\/","og_site_name":"Tendance Finance","article_modified_time":"2025-02-20T17:47:39+00:00","og_image":[{"url":"https:\/\/vanfleteren.fr\/img\/SP500_3graphs.png","type":"","width":"","height":""}],"twitter_card":"summary_large_image","twitter_misc":{"Dur\u00e9e de lecture estim\u00e9e":"1 minute"},"schema":{"@context":"https:\/\/schema.org","@graph":[{"@type":"WebPage","@id":"https:\/\/tendance-finance.fr\/index.php\/graphiques\/","url":"https:\/\/tendance-finance.fr\/index.php\/graphiques\/","name":"Graphiques - Tendance Finance","isPartOf":{"@id":"https:\/\/tendance-finance.fr\/#website"},"primaryImageOfPage":{"@id":"https:\/\/tendance-finance.fr\/index.php\/graphiques\/#primaryimage"},"image":{"@id":"https:\/\/tendance-finance.fr\/index.php\/graphiques\/#primaryimage"},"thumbnailUrl":"https:\/\/vanfleteren.fr\/img\/SP500_3graphs.png","datePublished":"2025-01-23T08:19:15+00:00","dateModified":"2025-02-20T17:47:39+00:00","breadcrumb":{"@id":"https:\/\/tendance-finance.fr\/index.php\/graphiques\/#breadcrumb"},"inLanguage":"fr-FR","potentialAction":[{"@type":"ReadAction","target":["https:\/\/tendance-finance.fr\/index.php\/graphiques\/"]}]},{"@type":"ImageObject","inLanguage":"fr-FR","@id":"https:\/\/tendance-finance.fr\/index.php\/graphiques\/#primaryimage","url":"https:\/\/vanfleteren.fr\/img\/SP500_3graphs.png","contentUrl":"https:\/\/vanfleteren.fr\/img\/SP500_3graphs.png"},{"@type":"BreadcrumbList","@id":"https:\/\/tendance-finance.fr\/index.php\/graphiques\/#breadcrumb","itemListElement":[{"@type":"ListItem","position":1,"name":"Accueil","item":"https:\/\/tendance-finance.fr\/"},{"@type":"ListItem","position":2,"name":"Graphiques"}]},{"@type":"WebSite","@id":"https:\/\/tendance-finance.fr\/#website","url":"https:\/\/tendance-finance.fr\/","name":"Tendance Finance","description":"Etude d&#039;investissements financiers","publisher":{"@id":"https:\/\/tendance-finance.fr\/#organization"},"potentialAction":[{"@type":"SearchAction","target":{"@type":"EntryPoint","urlTemplate":"https:\/\/tendance-finance.fr\/?s={search_term_string}"},"query-input":{"@type":"PropertyValueSpecification","valueRequired":true,"valueName":"search_term_string"}}],"inLanguage":"fr-FR"},{"@type":"Organization","@id":"https:\/\/tendance-finance.fr\/#organization","name":"Tendance Finance","url":"https:\/\/tendance-finance.fr\/","logo":{"@type":"ImageObject","inLanguage":"fr-FR","@id":"https:\/\/tendance-finance.fr\/#\/schema\/logo\/image\/","url":"https:\/\/vanfleteren.fr\/finance\/blog\/wp-content\/uploads\/2025\/01\/cropped-9554f423-8f40-4be2-be21-bd90b253e944-1.webp","contentUrl":"https:\/\/vanfleteren.fr\/finance\/blog\/wp-content\/uploads\/2025\/01\/cropped-9554f423-8f40-4be2-be21-bd90b253e944-1.webp","width":512,"height":512,"caption":"Tendance Finance"},"image":{"@id":"https:\/\/tendance-finance.fr\/#\/schema\/logo\/image\/"}}]}},"_links":{"self":[{"href":"https:\/\/tendance-finance.fr\/index.php\/wp-json\/wp\/v2\/pages\/32","targetHints":{"allow":["GET"]}}],"collection":[{"href":"https:\/\/tendance-finance.fr\/index.php\/wp-json\/wp\/v2\/pages"}],"about":[{"href":"https:\/\/tendance-finance.fr\/index.php\/wp-json\/wp\/v2\/types\/page"}],"author":[{"embeddable":true,"href":"https:\/\/tendance-finance.fr\/index.php\/wp-json\/wp\/v2\/users\/1"}],"replies":[{"embeddable":true,"href":"https:\/\/tendance-finance.fr\/index.php\/wp-json\/wp\/v2\/comments?post=32"}],"version-history":[{"count":6,"href":"https:\/\/tendance-finance.fr\/index.php\/wp-json\/wp\/v2\/pages\/32\/revisions"}],"predecessor-version":[{"id":289,"href":"https:\/\/tendance-finance.fr\/index.php\/wp-json\/wp\/v2\/pages\/32\/revisions\/289"}],"wp:attachment":[{"href":"https:\/\/tendance-finance.fr\/index.php\/wp-json\/wp\/v2\/media?parent=32"}],"curies":[{"name":"wp","href":"https:\/\/api.w.org\/{rel}","templated":true}]}}