{"id":35,"date":"2025-01-23T14:01:51","date_gmt":"2025-01-23T13:01:51","guid":{"rendered":"https:\/\/vanfleteren.fr\/finance\/blog\/?page_id=35"},"modified":"2025-02-27T11:30:43","modified_gmt":"2025-02-27T10:30:43","slug":"a-propos","status":"publish","type":"page","link":"https:\/\/tendance-finance.fr\/index.php\/a-propos\/","title":{"rendered":"A propos"},"content":{"rendered":"\n<p>Lorsqu&rsquo;on s&rsquo;int\u00e9resse \u00e0 la progression des march\u00e9s financiers sur le long terme, les indices sont toujours en croissance.<\/p>\n\n\n\n<p>Utiliser ces outils pour investir et construire un patrimoine financier sur le long terme me semble pertinent.<\/p>\n\n\n\n<p>Cette strat\u00e9gie se d\u00e9tache aussi des mouvements plus rapides de la bourse qui souvent nous surprennent et nous questionnent.<\/p>\n\n\n\n<h3 class=\"wp-block-heading\">Pr\u00e9sentation personnelle<\/h3>\n\n\n\n<p>Ancien entrepreneur, je me suis int\u00e9ress\u00e9 au financement des entreprises et je suis arriv\u00e9, petit \u00e0 petit, \u00e0 m&rsquo;int\u00e9resser aux march\u00e9s financiers.<\/p>\n\n\n\n<p>Analyser les march\u00e9s financiers pour construire un patrimoine financier et le d\u00e9velopper avec le temps.<\/p>\n\n\n\n<p>J&rsquo;aime viser loin et raisonnable. Conscient des rivi\u00e8res et des cols \u00e0 traverser, je sais que ces passages sont provisoires. Bien qu&rsquo;ambitieux, mes objectifs \u00e0 long terme sont atteignables.<\/p>\n\n\n\n<p>Tentative d&rsquo;optimiser les revenus tout en r\u00e9duisant les risques.<\/p>\n\n\n\n<h3 class=\"wp-block-heading\">Contenu du blog<\/h3>\n\n\n\n<p>Dans ce blog, vous trouverez le r\u00e9sultat de mes analyses et r\u00e9flexions sur l&rsquo;\u00e9volution des march\u00e9s financiers. Je vous pr\u00e9sente aussi mes strat\u00e9gies d&rsquo;investissement.<\/p>\n\n\n\n<p>Je travaille en python. Les habitu\u00e9s auront probablement reconnus les graphiques g\u00e9n\u00e9r\u00e9s par la librairie Matplotlib.<\/p>\n\n\n\n<p>La plupart de mes analyses sont effectu\u00e9es \u00e0 partir des donn\u00e9es disponibles sur yahoo finance et aussi gr\u00e2ce \u00e0 l&rsquo;API de marketdata.app<\/p>\n\n\n\n<h3 class=\"wp-block-heading\">Prudence sur les donn\u00e9es et avertissement<\/h3>\n\n\n\n<p>Ce n&rsquo;est pas parce qu&rsquo;un investissement a bien fonctionn\u00e9 dans le pass\u00e9 qu&rsquo;il en sera de m\u00eame \u00e0 l&rsquo;avenir. Les performances historiques et les projections statistiques pr\u00e9sent\u00e9es sur ce site peuvent ne pas refl\u00e9ter les performances futures r\u00e9elles. Investir comporte toujours des risques et peut entra\u00eener des pertes.<\/p>\n\n\n\n<p>Les informations fournies sur ce site sont uniquement \u00e0 titre informatif et refl\u00e8tent mes opinions personnelles. Elles ne constituent pas des conseils financiers, juridiques ou fiscaux, ni une recommandation d&rsquo;achat, de vente ou de d\u00e9tention d&rsquo;instruments financiers.<\/p>\n\n\n\n<p>En tant qu&rsquo;auteur de ce site, je d\u00e9cline toute responsabilit\u00e9 pour toute d\u00e9cision prise sur la base des informations pr\u00e9sent\u00e9es ici.<\/p>\n","protected":false},"excerpt":{"rendered":"<p>Lorsqu&rsquo;on s&rsquo;int\u00e9resse \u00e0 la progression des march\u00e9s financiers sur le long terme, les indices sont toujours en croissance. Utiliser ces<\/p>\n","protected":false},"author":1,"featured_media":0,"parent":0,"menu_order":0,"comment_status":"closed","ping_status":"closed","template":"","meta":{"footnotes":""},"class_list":["post-35","page","type-page","status-publish","hentry"],"yoast_head":"<!-- This site is optimized with the Yoast SEO plugin v27.5 - https:\/\/yoast.com\/product\/yoast-seo-wordpress\/ -->\n<title>A propos - Tendance Finance<\/title>\n<meta name=\"robots\" content=\"index, follow, max-snippet:-1, max-image-preview:large, max-video-preview:-1\" \/>\n<link rel=\"canonical\" href=\"https:\/\/tendance-finance.fr\/index.php\/a-propos\/\" \/>\n<meta property=\"og:locale\" content=\"fr_FR\" \/>\n<meta property=\"og:type\" content=\"article\" \/>\n<meta property=\"og:title\" content=\"A propos - Tendance Finance\" \/>\n<meta property=\"og:description\" content=\"Lorsqu&rsquo;on s&rsquo;int\u00e9resse \u00e0 la progression des march\u00e9s financiers sur le long terme, les indices sont toujours en croissance. Utiliser ces\" \/>\n<meta property=\"og:url\" content=\"https:\/\/tendance-finance.fr\/index.php\/a-propos\/\" \/>\n<meta property=\"og:site_name\" content=\"Tendance Finance\" \/>\n<meta property=\"article:modified_time\" content=\"2025-02-27T10:30:43+00:00\" \/>\n<meta name=\"twitter:card\" content=\"summary_large_image\" \/>\n<meta name=\"twitter:label1\" content=\"Dur\u00e9e de lecture estim\u00e9e\" \/>\n\t<meta name=\"twitter:data1\" content=\"2 minutes\" \/>\n<script type=\"application\/ld+json\" class=\"yoast-schema-graph\">{\"@context\":\"https:\\\/\\\/schema.org\",\"@graph\":[{\"@type\":\"WebPage\",\"@id\":\"https:\\\/\\\/tendance-finance.fr\\\/index.php\\\/a-propos\\\/\",\"url\":\"https:\\\/\\\/tendance-finance.fr\\\/index.php\\\/a-propos\\\/\",\"name\":\"A propos - Tendance Finance\",\"isPartOf\":{\"@id\":\"https:\\\/\\\/tendance-finance.fr\\\/#website\"},\"datePublished\":\"2025-01-23T13:01:51+00:00\",\"dateModified\":\"2025-02-27T10:30:43+00:00\",\"breadcrumb\":{\"@id\":\"https:\\\/\\\/tendance-finance.fr\\\/index.php\\\/a-propos\\\/#breadcrumb\"},\"inLanguage\":\"fr-FR\",\"potentialAction\":[{\"@type\":\"ReadAction\",\"target\":[\"https:\\\/\\\/tendance-finance.fr\\\/index.php\\\/a-propos\\\/\"]}]},{\"@type\":\"BreadcrumbList\",\"@id\":\"https:\\\/\\\/tendance-finance.fr\\\/index.php\\\/a-propos\\\/#breadcrumb\",\"itemListElement\":[{\"@type\":\"ListItem\",\"position\":1,\"name\":\"Accueil\",\"item\":\"https:\\\/\\\/tendance-finance.fr\\\/\"},{\"@type\":\"ListItem\",\"position\":2,\"name\":\"A propos\"}]},{\"@type\":\"WebSite\",\"@id\":\"https:\\\/\\\/tendance-finance.fr\\\/#website\",\"url\":\"https:\\\/\\\/tendance-finance.fr\\\/\",\"name\":\"Tendance Finance\",\"description\":\"Etude d&#039;investissements financiers\",\"publisher\":{\"@id\":\"https:\\\/\\\/tendance-finance.fr\\\/#organization\"},\"potentialAction\":[{\"@type\":\"SearchAction\",\"target\":{\"@type\":\"EntryPoint\",\"urlTemplate\":\"https:\\\/\\\/tendance-finance.fr\\\/?s={search_term_string}\"},\"query-input\":{\"@type\":\"PropertyValueSpecification\",\"valueRequired\":true,\"valueName\":\"search_term_string\"}}],\"inLanguage\":\"fr-FR\"},{\"@type\":\"Organization\",\"@id\":\"https:\\\/\\\/tendance-finance.fr\\\/#organization\",\"name\":\"Tendance Finance\",\"url\":\"https:\\\/\\\/tendance-finance.fr\\\/\",\"logo\":{\"@type\":\"ImageObject\",\"inLanguage\":\"fr-FR\",\"@id\":\"https:\\\/\\\/tendance-finance.fr\\\/#\\\/schema\\\/logo\\\/image\\\/\",\"url\":\"https:\\\/\\\/vanfleteren.fr\\\/finance\\\/blog\\\/wp-content\\\/uploads\\\/2025\\\/01\\\/cropped-9554f423-8f40-4be2-be21-bd90b253e944-1.webp\",\"contentUrl\":\"https:\\\/\\\/vanfleteren.fr\\\/finance\\\/blog\\\/wp-content\\\/uploads\\\/2025\\\/01\\\/cropped-9554f423-8f40-4be2-be21-bd90b253e944-1.webp\",\"width\":512,\"height\":512,\"caption\":\"Tendance Finance\"},\"image\":{\"@id\":\"https:\\\/\\\/tendance-finance.fr\\\/#\\\/schema\\\/logo\\\/image\\\/\"}}]}<\/script>\n<!-- \/ Yoast SEO plugin. -->","yoast_head_json":{"title":"A propos - Tendance Finance","robots":{"index":"index","follow":"follow","max-snippet":"max-snippet:-1","max-image-preview":"max-image-preview:large","max-video-preview":"max-video-preview:-1"},"canonical":"https:\/\/tendance-finance.fr\/index.php\/a-propos\/","og_locale":"fr_FR","og_type":"article","og_title":"A propos - Tendance Finance","og_description":"Lorsqu&rsquo;on s&rsquo;int\u00e9resse \u00e0 la progression des march\u00e9s financiers sur le long terme, les indices sont toujours en croissance. Utiliser ces","og_url":"https:\/\/tendance-finance.fr\/index.php\/a-propos\/","og_site_name":"Tendance Finance","article_modified_time":"2025-02-27T10:30:43+00:00","twitter_card":"summary_large_image","twitter_misc":{"Dur\u00e9e de lecture estim\u00e9e":"2 minutes"},"schema":{"@context":"https:\/\/schema.org","@graph":[{"@type":"WebPage","@id":"https:\/\/tendance-finance.fr\/index.php\/a-propos\/","url":"https:\/\/tendance-finance.fr\/index.php\/a-propos\/","name":"A propos - Tendance Finance","isPartOf":{"@id":"https:\/\/tendance-finance.fr\/#website"},"datePublished":"2025-01-23T13:01:51+00:00","dateModified":"2025-02-27T10:30:43+00:00","breadcrumb":{"@id":"https:\/\/tendance-finance.fr\/index.php\/a-propos\/#breadcrumb"},"inLanguage":"fr-FR","potentialAction":[{"@type":"ReadAction","target":["https:\/\/tendance-finance.fr\/index.php\/a-propos\/"]}]},{"@type":"BreadcrumbList","@id":"https:\/\/tendance-finance.fr\/index.php\/a-propos\/#breadcrumb","itemListElement":[{"@type":"ListItem","position":1,"name":"Accueil","item":"https:\/\/tendance-finance.fr\/"},{"@type":"ListItem","position":2,"name":"A propos"}]},{"@type":"WebSite","@id":"https:\/\/tendance-finance.fr\/#website","url":"https:\/\/tendance-finance.fr\/","name":"Tendance Finance","description":"Etude d&#039;investissements financiers","publisher":{"@id":"https:\/\/tendance-finance.fr\/#organization"},"potentialAction":[{"@type":"SearchAction","target":{"@type":"EntryPoint","urlTemplate":"https:\/\/tendance-finance.fr\/?s={search_term_string}"},"query-input":{"@type":"PropertyValueSpecification","valueRequired":true,"valueName":"search_term_string"}}],"inLanguage":"fr-FR"},{"@type":"Organization","@id":"https:\/\/tendance-finance.fr\/#organization","name":"Tendance Finance","url":"https:\/\/tendance-finance.fr\/","logo":{"@type":"ImageObject","inLanguage":"fr-FR","@id":"https:\/\/tendance-finance.fr\/#\/schema\/logo\/image\/","url":"https:\/\/vanfleteren.fr\/finance\/blog\/wp-content\/uploads\/2025\/01\/cropped-9554f423-8f40-4be2-be21-bd90b253e944-1.webp","contentUrl":"https:\/\/vanfleteren.fr\/finance\/blog\/wp-content\/uploads\/2025\/01\/cropped-9554f423-8f40-4be2-be21-bd90b253e944-1.webp","width":512,"height":512,"caption":"Tendance Finance"},"image":{"@id":"https:\/\/tendance-finance.fr\/#\/schema\/logo\/image\/"}}]}},"_links":{"self":[{"href":"https:\/\/tendance-finance.fr\/index.php\/wp-json\/wp\/v2\/pages\/35","targetHints":{"allow":["GET"]}}],"collection":[{"href":"https:\/\/tendance-finance.fr\/index.php\/wp-json\/wp\/v2\/pages"}],"about":[{"href":"https:\/\/tendance-finance.fr\/index.php\/wp-json\/wp\/v2\/types\/page"}],"author":[{"embeddable":true,"href":"https:\/\/tendance-finance.fr\/index.php\/wp-json\/wp\/v2\/users\/1"}],"replies":[{"embeddable":true,"href":"https:\/\/tendance-finance.fr\/index.php\/wp-json\/wp\/v2\/comments?post=35"}],"version-history":[{"count":3,"href":"https:\/\/tendance-finance.fr\/index.php\/wp-json\/wp\/v2\/pages\/35\/revisions"}],"predecessor-version":[{"id":296,"href":"https:\/\/tendance-finance.fr\/index.php\/wp-json\/wp\/v2\/pages\/35\/revisions\/296"}],"wp:attachment":[{"href":"https:\/\/tendance-finance.fr\/index.php\/wp-json\/wp\/v2\/media?parent=35"}],"curies":[{"name":"wp","href":"https:\/\/api.w.org\/{rel}","templated":true}]}}